{"id":2015,"date":"2023-02-28T12:12:53","date_gmt":"2023-02-28T11:12:53","guid":{"rendered":"https:\/\/www.montluconcoeurdeville.org\/?page_id=2015"},"modified":"2023-02-28T14:54:48","modified_gmt":"2023-02-28T13:54:48","slug":"les-cheques-cadeaux","status":"publish","type":"page","link":"https:\/\/www.montluconcoeurdeville.org\/index.php\/les-cheques-cadeaux\/","title":{"rendered":"Les ch\u00e8ques cadeaux"},"content":{"rendered":"\t\t<div data-elementor-type=\"wp-page\" data-elementor-id=\"2015\" class=\"elementor elementor-2015\">\n\t\t\t\t\t\t<section class=\"elementor-section elementor-top-section elementor-element elementor-element-c57123f elementor-section-boxed elementor-section-height-default elementor-section-height-default\" data-id=\"c57123f\" data-element_type=\"section\" data-e-type=\"section\">\n\t\t\t\t\t\t<div class=\"elementor-container elementor-column-gap-default\">\n\t\t\t\t\t<div class=\"elementor-column elementor-col-100 elementor-top-column elementor-element elementor-element-728571f\" data-id=\"728571f\" data-element_type=\"column\" data-e-type=\"column\">\n\t\t\t<div class=\"elementor-widget-wrap elementor-element-populated\">\n\t\t\t\t\t\t<div class=\"elementor-element elementor-element-c335df3 elementor-widget elementor-widget-text-editor\" data-id=\"c335df3\" data-element_type=\"widget\" data-e-type=\"widget\" data-widget_type=\"text-editor.default\">\n\t\t\t\t<div class=\"elementor-widget-container\">\n\t\t\t\t\t\t\t\t\t<h2>Comment \u00e7a fonctionne ? <br \/>Qu\u2019est ce que c&rsquo;est ?<\/h2><p>Vous \u00eates une entreprise, un comit\u00e9 d\u2019entreprise, un artisan, une profession lib\u00e9rale, une association ou un particulier, et vous souhaitez acqu\u00e9rir<br \/>des \u00ab Ch\u00e8ques Montlu\u00e7on C\u0153ur de Ville \u00bb ? C&rsquo;est tr\u00e8s simple !<\/p>\t\t\t\t\t\t\t\t<\/div>\n\t\t\t\t<\/div>\n\t\t\t\t\t<\/div>\n\t\t<\/div>\n\t\t\t\t\t<\/div>\n\t\t<\/section>\n\t\t\t\t<section class=\"elementor-section elementor-top-section elementor-element elementor-element-70f2521 elementor-section-boxed elementor-section-height-default elementor-section-height-default\" data-id=\"70f2521\" data-element_type=\"section\" data-e-type=\"section\">\n\t\t\t\t\t\t<div class=\"elementor-container elementor-column-gap-default\">\n\t\t\t\t\t<div class=\"elementor-column elementor-col-100 elementor-top-column elementor-element elementor-element-c079f61\" data-id=\"c079f61\" data-element_type=\"column\" data-e-type=\"column\">\n\t\t\t<div class=\"elementor-widget-wrap elementor-element-populated\">\n\t\t\t\t\t\t<div class=\"elementor-element elementor-element-b604823 elementor-widget elementor-widget-image\" data-id=\"b604823\" data-element_type=\"widget\" data-e-type=\"widget\" data-widget_type=\"image.default\">\n\t\t\t\t<div class=\"elementor-widget-container\">\n\t\t\t\t\t\t\t\t\t\t\t\t\t\t\t<img decoding=\"async\" src=\"https:\/\/www.montluconcoeurdeville.org\/wp-content\/uploads\/elementor\/thumbs\/chequecadeau-q2tnatkmy9k96ephpn09jg7slche0w5p4zubjr2kok.gif\" title=\"chequecadeau\" alt=\"chequecadeau\" loading=\"lazy\" \/>\t\t\t\t\t\t\t\t\t\t\t\t\t\t\t<\/div>\n\t\t\t\t<\/div>\n\t\t\t\t<div class=\"elementor-element elementor-element-e017381 elementor-widget elementor-widget-image\" data-id=\"e017381\" data-element_type=\"widget\" data-e-type=\"widget\" data-widget_type=\"image.default\">\n\t\t\t\t<div class=\"elementor-widget-container\">\n\t\t\t\t\t\t\t\t\t\t\t\t\t\t\t<img decoding=\"async\" src=\"https:\/\/www.montluconcoeurdeville.org\/wp-content\/uploads\/elementor\/thumbs\/chequecadeau2-q2tnaz7o39rz42haspg0yesk5nplb2s35rr8feu7n8.gif\" title=\"chequecadeau2\" alt=\"chequecadeau2\" loading=\"lazy\" \/>\t\t\t\t\t\t\t\t\t\t\t\t\t\t\t<\/div>\n\t\t\t\t<\/div>\n\t\t\t\t\t<\/div>\n\t\t<\/div>\n\t\t\t\t\t<\/div>\n\t\t<\/section>\n\t\t\t\t<section class=\"elementor-section elementor-top-section elementor-element elementor-element-77a6738 elementor-section-boxed elementor-section-height-default elementor-section-height-default\" data-id=\"77a6738\" data-element_type=\"section\" data-e-type=\"section\">\n\t\t\t\t\t\t<div class=\"elementor-container elementor-column-gap-default\">\n\t\t\t\t\t<div class=\"elementor-column elementor-col-100 elementor-top-column elementor-element elementor-element-181ad95\" data-id=\"181ad95\" data-element_type=\"column\" data-e-type=\"column\">\n\t\t\t<div class=\"elementor-widget-wrap elementor-element-populated\">\n\t\t\t\t\t\t<div class=\"elementor-element elementor-element-a707133 elementor-align-center elementor-widget elementor-widget-button\" data-id=\"a707133\" data-element_type=\"widget\" data-e-type=\"widget\" data-widget_type=\"button.default\">\n\t\t\t\t<div class=\"elementor-widget-container\">\n\t\t\t\t\t\t\t\t\t<div class=\"elementor-button-wrapper\">\n\t\t\t\t\t<a class=\"elementor-button elementor-button-link elementor-size-xl\" href=\"https:\/\/www.montluconcoeurdeville.org\/wp-content\/uploads\/2023\/02\/bon-de-commande-cheque-mcv.pdf\" target=\"_blank\">\n\t\t\t\t\t\t<span class=\"elementor-button-content-wrapper\">\n\t\t\t\t\t\t<span class=\"elementor-button-icon\">\n\t\t\t\t<i aria-hidden=\"true\" class=\"fas fa-upload\"><\/i>\t\t\t<\/span>\n\t\t\t\t\t\t\t\t\t<span class=\"elementor-button-text\">Bon de commande en t\u00e9l\u00e9chargement<\/span>\n\t\t\t\t\t<\/span>\n\t\t\t\t\t<\/a>\n\t\t\t\t<\/div>\n\t\t\t\t\t\t\t\t<\/div>\n\t\t\t\t<\/div>\n\t\t\t\t\t<\/div>\n\t\t<\/div>\n\t\t\t\t\t<\/div>\n\t\t<\/section>\n\t\t\t\t<\/div>\n\t\t","protected":false},"excerpt":{"rendered":"<p>Comment \u00e7a fonctionne ? Qu\u2019est ce que c&rsquo;est ? Vous \u00eates une entreprise, un comit\u00e9 d\u2019entreprise, un artisan, une profession lib\u00e9rale, une association ou un particulier, et vous souhaitez acqu\u00e9rirdes [&hellip;]<\/p>\n","protected":false},"author":3,"featured_media":0,"parent":0,"menu_order":0,"comment_status":"closed","ping_status":"closed","template":"","meta":{"footnotes":""},"class_list":["post-2015","page","type-page","status-publish","hentry","entry"],"yoast_head":"<!-- This site is optimized with the Yoast SEO plugin v21.7 - https:\/\/yoast.com\/wordpress\/plugins\/seo\/ -->\n<title>Les ch\u00e8ques cadeaux - Montlu\u00e7on C\u0153ur de Ville<\/title>\n<meta name=\"description\" content=\"Les ch\u00e8ques cadeaux de Montlu\u00e7on C\u0153ur de Ville valable dans plus de 100 commerces et acteurs du c\u0153ur de ville. Remplissez un bon de commande.\" \/>\n<meta name=\"robots\" content=\"index, follow, max-snippet:-1, max-image-preview:large, max-video-preview:-1\" \/>\n<link rel=\"canonical\" href=\"https:\/\/www.montluconcoeurdeville.org\/index.php\/les-cheques-cadeaux\/\" \/>\n<meta property=\"og:locale\" content=\"fr_FR\" \/>\n<meta property=\"og:type\" content=\"article\" \/>\n<meta property=\"og:title\" content=\"Les ch\u00e8ques cadeaux - Montlu\u00e7on C\u0153ur de Ville\" \/>\n<meta property=\"og:description\" content=\"Les ch\u00e8ques cadeaux de Montlu\u00e7on C\u0153ur de Ville valable dans plus de 100 commerces et acteurs du c\u0153ur de ville. Remplissez un bon de commande.\" \/>\n<meta property=\"og:url\" content=\"https:\/\/www.montluconcoeurdeville.org\/index.php\/les-cheques-cadeaux\/\" \/>\n<meta property=\"og:site_name\" content=\"Montlu\u00e7on C\u0153ur de Ville\" \/>\n<meta property=\"article:modified_time\" content=\"2023-02-28T13:54:48+00:00\" \/>\n<meta property=\"og:image\" content=\"https:\/\/www.montluconcoeurdeville.org\/wp-content\/uploads\/elementor\/thumbs\/chequecadeau-q2tnatkmy9k96ephpn09jg7slche0w5p4zubjr2kok.gif\" \/>\n<meta name=\"twitter:card\" content=\"summary_large_image\" \/>\n<meta name=\"twitter:label1\" content=\"Dur\u00e9e de lecture estim\u00e9e\" \/>\n\t<meta name=\"twitter:data1\" content=\"1 minute\" \/>\n<script type=\"application\/ld+json\" class=\"yoast-schema-graph\">{\"@context\":\"https:\/\/schema.org\",\"@graph\":[{\"@type\":\"WebPage\",\"@id\":\"https:\/\/www.montluconcoeurdeville.org\/index.php\/les-cheques-cadeaux\/\",\"url\":\"https:\/\/www.montluconcoeurdeville.org\/index.php\/les-cheques-cadeaux\/\",\"name\":\"Les ch\u00e8ques cadeaux - Montlu\u00e7on C\u0153ur de Ville\",\"isPartOf\":{\"@id\":\"https:\/\/www.montluconcoeurdeville.org\/#website\"},\"datePublished\":\"2023-02-28T11:12:53+00:00\",\"dateModified\":\"2023-02-28T13:54:48+00:00\",\"description\":\"Les ch\u00e8ques cadeaux de Montlu\u00e7on C\u0153ur de Ville valable dans plus de 100 commerces et acteurs du c\u0153ur de ville. Remplissez un bon de commande.\",\"breadcrumb\":{\"@id\":\"https:\/\/www.montluconcoeurdeville.org\/index.php\/les-cheques-cadeaux\/#breadcrumb\"},\"inLanguage\":\"fr-FR\",\"potentialAction\":[{\"@type\":\"ReadAction\",\"target\":[\"https:\/\/www.montluconcoeurdeville.org\/index.php\/les-cheques-cadeaux\/\"]}]},{\"@type\":\"BreadcrumbList\",\"@id\":\"https:\/\/www.montluconcoeurdeville.org\/index.php\/les-cheques-cadeaux\/#breadcrumb\",\"itemListElement\":[{\"@type\":\"ListItem\",\"position\":1,\"name\":\"Accueil\",\"item\":\"https:\/\/www.montluconcoeurdeville.org\/\"},{\"@type\":\"ListItem\",\"position\":2,\"name\":\"Les ch\u00e8ques cadeaux\"}]},{\"@type\":\"WebSite\",\"@id\":\"https:\/\/www.montluconcoeurdeville.org\/#website\",\"url\":\"https:\/\/www.montluconcoeurdeville.org\/\",\"name\":\"Montlu\u00e7on C\u0153ur de Ville\",\"description\":\"Association des acteurs \u00e9conomiques et sociaux du c\u0153ur de Montlu\u00e7on\",\"publisher\":{\"@id\":\"https:\/\/www.montluconcoeurdeville.org\/#organization\"},\"potentialAction\":[{\"@type\":\"SearchAction\",\"target\":{\"@type\":\"EntryPoint\",\"urlTemplate\":\"https:\/\/www.montluconcoeurdeville.org\/?s={search_term_string}\"},\"query-input\":\"required name=search_term_string\"}],\"inLanguage\":\"fr-FR\"},{\"@type\":\"Organization\",\"@id\":\"https:\/\/www.montluconcoeurdeville.org\/#organization\",\"name\":\"Montlu\u00e7on C\u0153ur de Ville\",\"url\":\"https:\/\/www.montluconcoeurdeville.org\/\",\"logo\":{\"@type\":\"ImageObject\",\"inLanguage\":\"fr-FR\",\"@id\":\"https:\/\/www.montluconcoeurdeville.org\/#\/schema\/logo\/image\/\",\"url\":\"https:\/\/www.montluconcoeurdeville.org\/wp-content\/uploads\/2023\/02\/cropped-cropped-cropped-cropped-cropped-cropped-cropped-logo1-1.png\",\"contentUrl\":\"https:\/\/www.montluconcoeurdeville.org\/wp-content\/uploads\/2023\/02\/cropped-cropped-cropped-cropped-cropped-cropped-cropped-logo1-1.png\",\"width\":1999,\"height\":943,\"caption\":\"Montlu\u00e7on C\u0153ur de Ville\"},\"image\":{\"@id\":\"https:\/\/www.montluconcoeurdeville.org\/#\/schema\/logo\/image\/\"}}]}<\/script>\n<!-- \/ Yoast SEO plugin. -->","yoast_head_json":{"title":"Les ch\u00e8ques cadeaux - Montlu\u00e7on C\u0153ur de Ville","description":"Les ch\u00e8ques cadeaux de Montlu\u00e7on C\u0153ur de Ville valable dans plus de 100 commerces et acteurs du c\u0153ur de ville. Remplissez un bon de commande.","robots":{"index":"index","follow":"follow","max-snippet":"max-snippet:-1","max-image-preview":"max-image-preview:large","max-video-preview":"max-video-preview:-1"},"canonical":"https:\/\/www.montluconcoeurdeville.org\/index.php\/les-cheques-cadeaux\/","og_locale":"fr_FR","og_type":"article","og_title":"Les ch\u00e8ques cadeaux - Montlu\u00e7on C\u0153ur de Ville","og_description":"Les ch\u00e8ques cadeaux de Montlu\u00e7on C\u0153ur de Ville valable dans plus de 100 commerces et acteurs du c\u0153ur de ville. Remplissez un bon de commande.","og_url":"https:\/\/www.montluconcoeurdeville.org\/index.php\/les-cheques-cadeaux\/","og_site_name":"Montlu\u00e7on C\u0153ur de Ville","article_modified_time":"2023-02-28T13:54:48+00:00","og_image":[{"url":"https:\/\/www.montluconcoeurdeville.org\/wp-content\/uploads\/elementor\/thumbs\/chequecadeau-q2tnatkmy9k96ephpn09jg7slche0w5p4zubjr2kok.gif"}],"twitter_card":"summary_large_image","twitter_misc":{"Dur\u00e9e de lecture estim\u00e9e":"1 minute"},"schema":{"@context":"https:\/\/schema.org","@graph":[{"@type":"WebPage","@id":"https:\/\/www.montluconcoeurdeville.org\/index.php\/les-cheques-cadeaux\/","url":"https:\/\/www.montluconcoeurdeville.org\/index.php\/les-cheques-cadeaux\/","name":"Les ch\u00e8ques cadeaux - Montlu\u00e7on C\u0153ur de Ville","isPartOf":{"@id":"https:\/\/www.montluconcoeurdeville.org\/#website"},"datePublished":"2023-02-28T11:12:53+00:00","dateModified":"2023-02-28T13:54:48+00:00","description":"Les ch\u00e8ques cadeaux de Montlu\u00e7on C\u0153ur de Ville valable dans plus de 100 commerces et acteurs du c\u0153ur de ville. Remplissez un bon de commande.","breadcrumb":{"@id":"https:\/\/www.montluconcoeurdeville.org\/index.php\/les-cheques-cadeaux\/#breadcrumb"},"inLanguage":"fr-FR","potentialAction":[{"@type":"ReadAction","target":["https:\/\/www.montluconcoeurdeville.org\/index.php\/les-cheques-cadeaux\/"]}]},{"@type":"BreadcrumbList","@id":"https:\/\/www.montluconcoeurdeville.org\/index.php\/les-cheques-cadeaux\/#breadcrumb","itemListElement":[{"@type":"ListItem","position":1,"name":"Accueil","item":"https:\/\/www.montluconcoeurdeville.org\/"},{"@type":"ListItem","position":2,"name":"Les ch\u00e8ques cadeaux"}]},{"@type":"WebSite","@id":"https:\/\/www.montluconcoeurdeville.org\/#website","url":"https:\/\/www.montluconcoeurdeville.org\/","name":"Montlu\u00e7on C\u0153ur de Ville","description":"Association des acteurs \u00e9conomiques et sociaux du c\u0153ur de Montlu\u00e7on","publisher":{"@id":"https:\/\/www.montluconcoeurdeville.org\/#organization"},"potentialAction":[{"@type":"SearchAction","target":{"@type":"EntryPoint","urlTemplate":"https:\/\/www.montluconcoeurdeville.org\/?s={search_term_string}"},"query-input":"required name=search_term_string"}],"inLanguage":"fr-FR"},{"@type":"Organization","@id":"https:\/\/www.montluconcoeurdeville.org\/#organization","name":"Montlu\u00e7on C\u0153ur de Ville","url":"https:\/\/www.montluconcoeurdeville.org\/","logo":{"@type":"ImageObject","inLanguage":"fr-FR","@id":"https:\/\/www.montluconcoeurdeville.org\/#\/schema\/logo\/image\/","url":"https:\/\/www.montluconcoeurdeville.org\/wp-content\/uploads\/2023\/02\/cropped-cropped-cropped-cropped-cropped-cropped-cropped-logo1-1.png","contentUrl":"https:\/\/www.montluconcoeurdeville.org\/wp-content\/uploads\/2023\/02\/cropped-cropped-cropped-cropped-cropped-cropped-cropped-logo1-1.png","width":1999,"height":943,"caption":"Montlu\u00e7on C\u0153ur de Ville"},"image":{"@id":"https:\/\/www.montluconcoeurdeville.org\/#\/schema\/logo\/image\/"}}]}},"_links":{"self":[{"href":"https:\/\/www.montluconcoeurdeville.org\/index.php\/wp-json\/wp\/v2\/pages\/2015","targetHints":{"allow":["GET"]}}],"collection":[{"href":"https:\/\/www.montluconcoeurdeville.org\/index.php\/wp-json\/wp\/v2\/pages"}],"about":[{"href":"https:\/\/www.montluconcoeurdeville.org\/index.php\/wp-json\/wp\/v2\/types\/page"}],"author":[{"embeddable":true,"href":"https:\/\/www.montluconcoeurdeville.org\/index.php\/wp-json\/wp\/v2\/users\/3"}],"replies":[{"embeddable":true,"href":"https:\/\/www.montluconcoeurdeville.org\/index.php\/wp-json\/wp\/v2\/comments?post=2015"}],"version-history":[{"count":11,"href":"https:\/\/www.montluconcoeurdeville.org\/index.php\/wp-json\/wp\/v2\/pages\/2015\/revisions"}],"predecessor-version":[{"id":2066,"href":"https:\/\/www.montluconcoeurdeville.org\/index.php\/wp-json\/wp\/v2\/pages\/2015\/revisions\/2066"}],"wp:attachment":[{"href":"https:\/\/www.montluconcoeurdeville.org\/index.php\/wp-json\/wp\/v2\/media?parent=2015"}],"curies":[{"name":"wp","href":"https:\/\/api.w.org\/{rel}","templated":true}]}}